{"id":27551,"date":"2024-03-09T10:05:01","date_gmt":"2024-03-09T15:05:01","guid":{"rendered":"https:\/\/protesismg.com\/customer-area\/?post_type=product&#038;p=27551"},"modified":"2024-06-20T18:51:55","modified_gmt":"2024-06-20T22:51:55","slug":"protesis-de-mano-para-hombre-hiperrealista-n3","status":"publish","type":"product","link":"https:\/\/protesismg.com\/customer-area\/tienda-mg\/protesis-de-mano-para-hombre-hiperrealista-n3\/","title":{"rendered":"Pr\u00f3tesis de Mano para Hombre, Hiperrealista (N3)"},"content":{"rendered":"<h2 style=\"text-align: center;\"><span style=\"color: #5e5e5e;\"><strong>Pr\u00f3tesis Hiperrealistas<\/strong><\/span><\/h2>\n<h2 style=\"text-align: center;\"><span style=\"color: #5e5e5e;\"><strong>para manos masculinas, amputadas o con deformidad<\/strong><\/span><\/h2>\n<hr \/>\n<h5 style=\"text-align: center;\"><span style=\"color: #008080;\"><strong>Masculinas &#8211; Adultos\u00a0<\/strong><\/span><\/h5>\n<hr \/>\n<h4 style=\"text-align: center;\"><span style=\"color: #000080;\"><strong>Por cada pedido recibes:<\/strong><\/span><\/h4>\n<h4 style=\"text-align: center;\"><span style=\"color: #000080;\"><strong>De 1 a 2 unidades de Pr\u00f3tesis, tipo est\u00e1ndar de cat\u00e1logo.<\/strong><\/span><\/h4>\n<h5 style=\"text-align: center;\"><span style=\"color: #5e5e5e;\"><strong>NIVEL 3\u00a0<\/strong><\/span><\/h5>\n<hr \/>\n<h3 style=\"text-align: center;\"><span style=\"color: #333333;\"><strong><em><span style=\"font-size: 20px;\"><span style=\"vertical-align: inherit;\"><span style=\"vertical-align: inherit;\">Producto semi-personalizado, fabricado sobre un pedido exclusivo<\/span><\/span><\/span><\/em><\/strong><\/span><\/h3>\n<p>Las pr\u00f3tesis se hacen con base en la selecci\u00f3n de componentes a partir <strong>de cat\u00e1logos con una recopilaci\u00f3n de m\u00e1s de 50 <\/strong><strong style=\"font-size: inherit;\">modelos o muestras<\/strong><span style=\"font-size: inherit;\"> que var\u00edan en tipo de sexo, formas, tama\u00f1os y texturas, etc.<\/span><\/p>\n<p><strong>El color y tono de la piel<\/strong> es seleccionado de un cat\u00e1logo est\u00e1ndar que cuenta con 34 muestras diferentes. Al igual que las u\u00f1as de resina epoxi de alta resistencia, se hacen seg\u00fan un muestrario con m\u00e1s de 50 posibilidades de formas y colores.<\/p>\n<p>Manos artificiales sint\u00e9ticas que imitan casi a la perfecci\u00f3n las humanas.\u00a0 Manufacturadas, de forma art\u00edstica-artesanal, realizadas por personal superespecializado, con t\u00e9cnicas totalmente \u00fanicas y exclusivas, quienes realizan un producto con una apariencia est\u00e9tica realista teniendo en cuenta las del individuo. Adem\u00e1s de mejorar la salud f\u00edsica y mental, tambi\u00e9n contribuyendo a lograr una rehabilitaci\u00f3n r\u00e1pida, natural y benigna.<\/p>\n<hr \/>\n<h2 style=\"text-align: center;\"><strong>Apariencia \u00f3ptima<\/strong><\/h2>\n<p>Las Pr\u00f3tesis estandarizadas para manos, tienen una apariencia humana, con pliegues y tono de las palmas. Adem\u00e1s de dedos muy naturales, pliegues, textura realista, u\u00f1as sint\u00e9ticas muy resistentes que se pueden pintar y despintar como las naturales, se parecen mucho a las reales.<\/p>\n<p style=\"text-align: center;\"><span style=\"color: #008080;\"><strong>Nuestros especialistas ayudar\u00e1n en todo el proceso para que recibas el modelo m\u00e1s adecuado.<\/strong><\/span><\/p>\n<p>Las Pr\u00f3tesis Orto Avanzadas de manos, superan a todas las pr\u00f3tesis hechas con t\u00e9cnicas industriales, tradicionales o convencionales, que son los productos m\u00e1s comunes, representando el 94% del mercado mundial.<\/p>\n","protected":false},"excerpt":{"rendered":"<h4 style=\"text-align: center;\"><span style=\"color: #5e5e5e;\"><strong>Pr\u00f3tesis Hiperrealista p<\/strong><\/span><span style=\"color: #5e5e5e;\"><strong>ara <\/strong><\/span><span style=\"color: #5e5e5e;\"><strong>manos amputadas o con deformidad<\/strong><\/span><\/h4>\n<hr \/>\n<h5 style=\"text-align: center;\"><span style=\"color: #008080;\"><strong><span style=\"vertical-align: inherit;\"><span style=\"vertical-align: inherit;\"><span style=\"vertical-align: inherit;\"><span style=\"vertical-align: inherit;\"><span style=\"vertical-align: inherit;\"><span style=\"vertical-align: inherit;\">Masculinos &#8211; Adultos\u00a0<\/span><\/span><\/span><\/span><\/span><\/span><\/strong><\/span><\/h5>\n<hr \/>\n<h5 style=\"text-align: center;\"><span style=\"color: #000080;\"><strong><span style=\"vertical-align: inherit;\"><span style=\"vertical-align: inherit;\"><span style=\"vertical-align: inherit;\"><span style=\"vertical-align: inherit;\"><span style=\"vertical-align: inherit;\"><span style=\"vertical-align: inherit;\">Por cada pedido recibes:<\/span><\/span><\/span><\/span><\/span><\/span><\/strong><\/span><\/h5>\n<h5 style=\"text-align: center;\"><span style=\"color: #000080;\"><strong>1 o 2 unidades de pr\u00f3tesis, tipo est\u00e1ndar de cat\u00e1logo <\/strong><\/span><span style=\"color: #5e5e5e;\"><strong>(NIVEL 3)\u00a0<\/strong><\/span><\/h5>\n","protected":false},"featured_media":27563,"template":"","meta":[],"product_cat":[486],"product_tag":[497,467],"class_list":{"0":"post-27551","1":"product","2":"type-product","3":"status-publish","4":"has-post-thumbnail","6":"product_cat-n3-linea-protesis-hiperrealistas-de-catalogo-estandar","7":"product_tag-protesis-masculinas","8":"product_tag-protesis-publicas-con-ofertas-y-descuentos","9":"product_shipping_class-envio-protesis-de-mano","10":"pa_componentes-lineas-protesis-protesis-con-encaje-ergonomico-semi-personalizado","11":"pa_componentes-lineas-protesis-1-protesis-cosmetica","12":"pa_componentes-lineas-protesis-9-protesis-de-alta-resistencia","13":"pa_componentes-lineas-protesis-5-protesis-hiperrealista","14":"pa_componentes-lineas-protesis-11-protesis-pasiva","15":"pa_componentes-lineas-protesis-protesis-semi-personalizada","16":"pa_descuento-segun-el-pago-15-off-x-1-protesis","17":"pa_descuento-segun-el-pago-50-off-x-2-protesis","18":"lineas_productos_protesis_mg-3-linea-protesis-hiperrealistas-de-catalogo-estandar","20":"first","21":"instock","22":"sale","23":"sold-individually","24":"shipping-taxable","25":"purchasable","26":"product-type-variable"},"acf":[],"yoast_head":"<!-- This site is optimized with the Yoast SEO Premium plugin v22.3 (Yoast SEO v22.2) - https:\/\/yoast.com\/wordpress\/plugins\/seo\/ -->\n<title>Pr\u00f3tesis de Mano para Hombre, Hiperrealista (N3) 2026 | Pr\u00f3tesis ART LAB | \u00c1rea del Cliente<\/title>\n<meta name=\"description\" content=\"Pr\u00f3tesis de Mano para Hombre, Hiperrealista (N3) 2026 \u00a9\ufe0f | Pr\u00f3tesis Hiperrealista para manos amputadas o con deformidad    Masculinos - Adultos\u00a0    Por cada pedido recibes: 1 o 2 unidades de pr\u00f3tesis, tipo est\u00e1ndar de cat\u00e1logo (NIVEL 3)\u00a0 | Pr\u00f3tesis ART LAB | \u00c1rea del Cliente \u2122\ufe0f\" \/>\n<meta name=\"robots\" content=\"index, follow, max-snippet:-1, max-image-preview:large, max-video-preview:-1\" \/>\n<link rel=\"canonical\" href=\"https:\/\/protesismg.com\/customer-area\/tienda-mg\/protesis-de-mano-para-hombre-hiperrealista-n3\/\" \/>\n<meta property=\"og:locale\" content=\"es_ES\" \/>\n<meta property=\"og:type\" content=\"article\" \/>\n<meta property=\"og:title\" content=\"Pr\u00f3tesis de Mano para Hombre, Hiperrealista (N3) 2026 | Pr\u00f3tesis ART LAB | \u00c1rea del Cliente\" \/>\n<meta property=\"og:description\" content=\"Pr\u00f3tesis de Mano para Hombre, Hiperrealista (N3) 2026 \u00a9\ufe0f | Pr\u00f3tesis Hiperrealista para manos amputadas o con deformidad    Masculinos - Adultos\u00a0    Por cada pedido recibes: 1 o 2 unidades de pr\u00f3tesis, tipo est\u00e1ndar de cat\u00e1logo (NIVEL 3)\u00a0 | Pr\u00f3tesis ART LAB | \u00c1rea del Cliente \u2122\ufe0f\" \/>\n<meta property=\"og:url\" content=\"https:\/\/protesismg.com\/customer-area\/tienda-mg\/protesis-de-mano-para-hombre-hiperrealista-n3\/\" \/>\n<meta property=\"og:site_name\" content=\"Pr\u00f3tesis ART LAB | \u00c1rea del Cliente\" \/>\n<meta property=\"article:publisher\" content=\"https:\/\/www.facebook.com\/protesis.artlab\/\" \/>\n<meta property=\"article:modified_time\" content=\"2024-06-20T22:51:55+00:00\" \/>\n<meta property=\"og:image\" content=\"https:\/\/protesismg.com\/customer-area\/wp-content\/uploads\/2024\/03\/Protesis-de-mano-Hombre-ART-LAB-2024-1.jpg\" \/>\n\t<meta property=\"og:image:width\" content=\"1624\" \/>\n\t<meta property=\"og:image:height\" content=\"1520\" \/>\n\t<meta property=\"og:image:type\" content=\"image\/jpeg\" \/>\n<meta name=\"twitter:card\" content=\"summary_large_image\" \/>\n<meta name=\"twitter:label1\" content=\"Tiempo de lectura\" \/>\n\t<meta name=\"twitter:data1\" content=\"1 minuto\" \/>\n<script type=\"application\/ld+json\" class=\"yoast-schema-graph\">{\"@context\":\"https:\/\/schema.org\",\"@graph\":[{\"@type\":\"WebPage\",\"@id\":\"https:\/\/protesismg.com\/customer-area\/tienda-mg\/protesis-de-mano-para-hombre-hiperrealista-n3\/\",\"url\":\"https:\/\/protesismg.com\/customer-area\/tienda-mg\/protesis-de-mano-para-hombre-hiperrealista-n3\/\",\"name\":\"Pr\u00f3tesis de Mano para Hombre, Hiperrealista (N3) 2026 | Pr\u00f3tesis ART LAB | \u00c1rea del Cliente\",\"isPartOf\":{\"@id\":\"https:\/\/protesismg.com\/customer-area\/#website\"},\"primaryImageOfPage\":{\"@id\":\"https:\/\/protesismg.com\/customer-area\/tienda-mg\/protesis-de-mano-para-hombre-hiperrealista-n3\/#primaryimage\"},\"image\":{\"@id\":\"https:\/\/protesismg.com\/customer-area\/tienda-mg\/protesis-de-mano-para-hombre-hiperrealista-n3\/#primaryimage\"},\"thumbnailUrl\":\"https:\/\/protesismg.com\/customer-area\/wp-content\/uploads\/2024\/03\/Protesis-de-mano-Hombre-ART-LAB-2024-1.jpg\",\"datePublished\":\"2024-03-09T15:05:01+00:00\",\"dateModified\":\"2024-06-20T22:51:55+00:00\",\"description\":\"Pr\u00f3tesis de Mano para Hombre, Hiperrealista (N3) 2026 \u00a9\ufe0f | Pr\u00f3tesis Hiperrealista para manos amputadas o con deformidad Masculinos - Adultos\u00a0 Por cada pedido recibes: 1 o 2 unidades de pr\u00f3tesis, tipo est\u00e1ndar de cat\u00e1logo (NIVEL 3)\u00a0 | Pr\u00f3tesis ART LAB | \u00c1rea del Cliente \u2122\ufe0f\",\"breadcrumb\":{\"@id\":\"https:\/\/protesismg.com\/customer-area\/tienda-mg\/protesis-de-mano-para-hombre-hiperrealista-n3\/#breadcrumb\"},\"inLanguage\":\"es\",\"potentialAction\":[{\"@type\":\"ReadAction\",\"target\":[\"https:\/\/protesismg.com\/customer-area\/tienda-mg\/protesis-de-mano-para-hombre-hiperrealista-n3\/\"]}]},{\"@type\":\"ImageObject\",\"inLanguage\":\"es\",\"@id\":\"https:\/\/protesismg.com\/customer-area\/tienda-mg\/protesis-de-mano-para-hombre-hiperrealista-n3\/#primaryimage\",\"url\":\"https:\/\/protesismg.com\/customer-area\/wp-content\/uploads\/2024\/03\/Protesis-de-mano-Hombre-ART-LAB-2024-1.jpg\",\"contentUrl\":\"https:\/\/protesismg.com\/customer-area\/wp-content\/uploads\/2024\/03\/Protesis-de-mano-Hombre-ART-LAB-2024-1.jpg\",\"width\":1624,\"height\":1520},{\"@type\":\"BreadcrumbList\",\"@id\":\"https:\/\/protesismg.com\/customer-area\/tienda-mg\/protesis-de-mano-para-hombre-hiperrealista-n3\/#breadcrumb\",\"itemListElement\":[{\"@type\":\"ListItem\",\"position\":1,\"name\":\"Pr\u00f3tesis &amp; Ortesis ART LAB\",\"item\":\"https:\/\/protesismg.com\/customer-area\/\"},{\"@type\":\"ListItem\",\"position\":2,\"name\":\"Mi Tienda ART LAB 01\",\"item\":\"https:\/\/protesismg.com\/customer-area\/tienda-mg\/\"},{\"@type\":\"ListItem\",\"position\":3,\"name\":\"Pr\u00f3tesis de Mano para Hombre, Hiperrealista (N3)\"}]},{\"@type\":\"WebSite\",\"@id\":\"https:\/\/protesismg.com\/customer-area\/#website\",\"url\":\"https:\/\/protesismg.com\/customer-area\/\",\"name\":\"Pr\u00f3tesis ART LAB \u2122\ufe0f \u00c1rea del Cliente\",\"description\":\"Anaplastolog\u00eda ART LAB; Pr\u00f3tesis Hiperrealistas e Hiperpersonalizadas de alta calidad; Pr\u00f3tesis de dedo, Pr\u00f3tesis de mano, Pie, Pierna, Brazo, Oreja, Nariz, etc.\",\"publisher\":{\"@id\":\"https:\/\/protesismg.com\/customer-area\/#organization\"},\"alternateName\":\"Prosthesis ART LAB \u2122\ufe0f\",\"potentialAction\":[{\"@type\":\"SearchAction\",\"target\":{\"@type\":\"EntryPoint\",\"urlTemplate\":\"https:\/\/protesismg.com\/customer-area\/?s={search_term_string}\"},\"query-input\":\"required name=search_term_string\"}],\"inLanguage\":\"es\"},{\"@type\":\"Organization\",\"@id\":\"https:\/\/protesismg.com\/customer-area\/#organization\",\"name\":\"Pr\u00f3tesis ART LAB. CO\",\"alternateName\":\"Prosthetic ART LAB. CO\",\"url\":\"https:\/\/protesismg.com\/customer-area\/\",\"logo\":{\"@type\":\"ImageObject\",\"inLanguage\":\"es\",\"@id\":\"https:\/\/protesismg.com\/customer-area\/#\/schema\/logo\/image\/\",\"url\":\"https:\/\/protesismg.com\/customer-area\/wp-content\/uploads\/2023\/04\/04_ICONO_TIENDA-PROTESIS-ART-LAB.png\",\"contentUrl\":\"https:\/\/protesismg.com\/customer-area\/wp-content\/uploads\/2023\/04\/04_ICONO_TIENDA-PROTESIS-ART-LAB.png\",\"width\":1510,\"height\":1716,\"caption\":\"Pr\u00f3tesis ART LAB. CO\"},\"image\":{\"@id\":\"https:\/\/protesismg.com\/customer-area\/#\/schema\/logo\/image\/\"},\"sameAs\":[\"https:\/\/www.facebook.com\/protesis.artlab\/\",\"https:\/\/www.instagram.com\/protesis.artlab\/\"]}]}<\/script>\n<!-- \/ Yoast SEO Premium plugin. -->","yoast_head_json":{"title":"Pr\u00f3tesis de Mano para Hombre, Hiperrealista (N3) 2026 | Pr\u00f3tesis ART LAB | \u00c1rea del Cliente","description":"Pr\u00f3tesis de Mano para Hombre, Hiperrealista (N3) 2026 \u00a9\ufe0f | Pr\u00f3tesis Hiperrealista para manos amputadas o con deformidad    Masculinos - Adultos\u00a0    Por cada pedido recibes: 1 o 2 unidades de pr\u00f3tesis, tipo est\u00e1ndar de cat\u00e1logo (NIVEL 3)\u00a0 | Pr\u00f3tesis ART LAB | \u00c1rea del Cliente \u2122\ufe0f","robots":{"index":"index","follow":"follow","max-snippet":"max-snippet:-1","max-image-preview":"max-image-preview:large","max-video-preview":"max-video-preview:-1"},"canonical":"https:\/\/protesismg.com\/customer-area\/tienda-mg\/protesis-de-mano-para-hombre-hiperrealista-n3\/","og_locale":"es_ES","og_type":"article","og_title":"Pr\u00f3tesis de Mano para Hombre, Hiperrealista (N3) 2026 | Pr\u00f3tesis ART LAB | \u00c1rea del Cliente","og_description":"Pr\u00f3tesis de Mano para Hombre, Hiperrealista (N3) 2026 \u00a9\ufe0f | Pr\u00f3tesis Hiperrealista para manos amputadas o con deformidad    Masculinos - Adultos\u00a0    Por cada pedido recibes: 1 o 2 unidades de pr\u00f3tesis, tipo est\u00e1ndar de cat\u00e1logo (NIVEL 3)\u00a0 | Pr\u00f3tesis ART LAB | \u00c1rea del Cliente \u2122\ufe0f","og_url":"https:\/\/protesismg.com\/customer-area\/tienda-mg\/protesis-de-mano-para-hombre-hiperrealista-n3\/","og_site_name":"Pr\u00f3tesis ART LAB | \u00c1rea del Cliente","article_publisher":"https:\/\/www.facebook.com\/protesis.artlab\/","article_modified_time":"2024-06-20T22:51:55+00:00","og_image":[{"width":1624,"height":1520,"url":"https:\/\/protesismg.com\/customer-area\/wp-content\/uploads\/2024\/03\/Protesis-de-mano-Hombre-ART-LAB-2024-1.jpg","type":"image\/jpeg"}],"twitter_card":"summary_large_image","twitter_misc":{"Tiempo de lectura":"1 minuto"},"schema":{"@context":"https:\/\/schema.org","@graph":[{"@type":"WebPage","@id":"https:\/\/protesismg.com\/customer-area\/tienda-mg\/protesis-de-mano-para-hombre-hiperrealista-n3\/","url":"https:\/\/protesismg.com\/customer-area\/tienda-mg\/protesis-de-mano-para-hombre-hiperrealista-n3\/","name":"Pr\u00f3tesis de Mano para Hombre, Hiperrealista (N3) 2026 | Pr\u00f3tesis ART LAB | \u00c1rea del Cliente","isPartOf":{"@id":"https:\/\/protesismg.com\/customer-area\/#website"},"primaryImageOfPage":{"@id":"https:\/\/protesismg.com\/customer-area\/tienda-mg\/protesis-de-mano-para-hombre-hiperrealista-n3\/#primaryimage"},"image":{"@id":"https:\/\/protesismg.com\/customer-area\/tienda-mg\/protesis-de-mano-para-hombre-hiperrealista-n3\/#primaryimage"},"thumbnailUrl":"https:\/\/protesismg.com\/customer-area\/wp-content\/uploads\/2024\/03\/Protesis-de-mano-Hombre-ART-LAB-2024-1.jpg","datePublished":"2024-03-09T15:05:01+00:00","dateModified":"2024-06-20T22:51:55+00:00","description":"Pr\u00f3tesis de Mano para Hombre, Hiperrealista (N3) 2026 \u00a9\ufe0f | Pr\u00f3tesis Hiperrealista para manos amputadas o con deformidad Masculinos - Adultos\u00a0 Por cada pedido recibes: 1 o 2 unidades de pr\u00f3tesis, tipo est\u00e1ndar de cat\u00e1logo (NIVEL 3)\u00a0 | Pr\u00f3tesis ART LAB | \u00c1rea del Cliente \u2122\ufe0f","breadcrumb":{"@id":"https:\/\/protesismg.com\/customer-area\/tienda-mg\/protesis-de-mano-para-hombre-hiperrealista-n3\/#breadcrumb"},"inLanguage":"es","potentialAction":[{"@type":"ReadAction","target":["https:\/\/protesismg.com\/customer-area\/tienda-mg\/protesis-de-mano-para-hombre-hiperrealista-n3\/"]}]},{"@type":"ImageObject","inLanguage":"es","@id":"https:\/\/protesismg.com\/customer-area\/tienda-mg\/protesis-de-mano-para-hombre-hiperrealista-n3\/#primaryimage","url":"https:\/\/protesismg.com\/customer-area\/wp-content\/uploads\/2024\/03\/Protesis-de-mano-Hombre-ART-LAB-2024-1.jpg","contentUrl":"https:\/\/protesismg.com\/customer-area\/wp-content\/uploads\/2024\/03\/Protesis-de-mano-Hombre-ART-LAB-2024-1.jpg","width":1624,"height":1520},{"@type":"BreadcrumbList","@id":"https:\/\/protesismg.com\/customer-area\/tienda-mg\/protesis-de-mano-para-hombre-hiperrealista-n3\/#breadcrumb","itemListElement":[{"@type":"ListItem","position":1,"name":"Pr\u00f3tesis &amp; Ortesis ART LAB","item":"https:\/\/protesismg.com\/customer-area\/"},{"@type":"ListItem","position":2,"name":"Mi Tienda ART LAB 01","item":"https:\/\/protesismg.com\/customer-area\/tienda-mg\/"},{"@type":"ListItem","position":3,"name":"Pr\u00f3tesis de Mano para Hombre, Hiperrealista (N3)"}]},{"@type":"WebSite","@id":"https:\/\/protesismg.com\/customer-area\/#website","url":"https:\/\/protesismg.com\/customer-area\/","name":"Pr\u00f3tesis ART LAB \u2122\ufe0f \u00c1rea del Cliente","description":"Anaplastolog\u00eda ART LAB; Pr\u00f3tesis Hiperrealistas e Hiperpersonalizadas de alta calidad; Pr\u00f3tesis de dedo, Pr\u00f3tesis de mano, Pie, Pierna, Brazo, Oreja, Nariz, etc.","publisher":{"@id":"https:\/\/protesismg.com\/customer-area\/#organization"},"alternateName":"Prosthesis ART LAB \u2122\ufe0f","potentialAction":[{"@type":"SearchAction","target":{"@type":"EntryPoint","urlTemplate":"https:\/\/protesismg.com\/customer-area\/?s={search_term_string}"},"query-input":"required name=search_term_string"}],"inLanguage":"es"},{"@type":"Organization","@id":"https:\/\/protesismg.com\/customer-area\/#organization","name":"Pr\u00f3tesis ART LAB. CO","alternateName":"Prosthetic ART LAB. CO","url":"https:\/\/protesismg.com\/customer-area\/","logo":{"@type":"ImageObject","inLanguage":"es","@id":"https:\/\/protesismg.com\/customer-area\/#\/schema\/logo\/image\/","url":"https:\/\/protesismg.com\/customer-area\/wp-content\/uploads\/2023\/04\/04_ICONO_TIENDA-PROTESIS-ART-LAB.png","contentUrl":"https:\/\/protesismg.com\/customer-area\/wp-content\/uploads\/2023\/04\/04_ICONO_TIENDA-PROTESIS-ART-LAB.png","width":1510,"height":1716,"caption":"Pr\u00f3tesis ART LAB. CO"},"image":{"@id":"https:\/\/protesismg.com\/customer-area\/#\/schema\/logo\/image\/"},"sameAs":["https:\/\/www.facebook.com\/protesis.artlab\/","https:\/\/www.instagram.com\/protesis.artlab\/"]}]}},"_links":{"self":[{"href":"https:\/\/protesismg.com\/customer-area\/wp-json\/wp\/v2\/product\/27551"}],"collection":[{"href":"https:\/\/protesismg.com\/customer-area\/wp-json\/wp\/v2\/product"}],"about":[{"href":"https:\/\/protesismg.com\/customer-area\/wp-json\/wp\/v2\/types\/product"}],"version-history":[{"count":0,"href":"https:\/\/protesismg.com\/customer-area\/wp-json\/wp\/v2\/product\/27551\/revisions"}],"wp:featuredmedia":[{"embeddable":true,"href":"https:\/\/protesismg.com\/customer-area\/wp-json\/wp\/v2\/media\/27563"}],"wp:attachment":[{"href":"https:\/\/protesismg.com\/customer-area\/wp-json\/wp\/v2\/media?parent=27551"}],"wp:term":[{"taxonomy":"product_cat","embeddable":true,"href":"https:\/\/protesismg.com\/customer-area\/wp-json\/wp\/v2\/product_cat?post=27551"},{"taxonomy":"product_tag","embeddable":true,"href":"https:\/\/protesismg.com\/customer-area\/wp-json\/wp\/v2\/product_tag?post=27551"}],"curies":[{"name":"wp","href":"https:\/\/api.w.org\/{rel}","templated":true}]}}