{"id":18156,"date":"2023-07-24T15:11:26","date_gmt":"2023-07-24T19:11:26","guid":{"rendered":"https:\/\/protesismg.com\/customer-area\/?post_type=product&#038;p=18156"},"modified":"2025-05-29T19:32:23","modified_gmt":"2025-05-29T23:32:23","slug":"protesis-para-dedo-de-la-mano-hiperrealista-de-nivel-3","status":"publish","type":"product","link":"https:\/\/protesismg.com\/customer-area\/tienda-mg\/protesis-para-dedo-de-la-mano-hiperrealista-de-nivel-3\/","title":{"rendered":"Pr\u00f3tesis del Dedo de la Mano, Hiperrealista (N3)"},"content":{"rendered":"<h2 style=\"text-align: center; color: #808080; font-size: 26px;\"><strong>Los Especialistas Te Acompa\u00f1an en Todo Momento<\/strong><\/h2>\n<p style=\"text-align: center;\"><a href=\"https:\/\/protesismg.com\/customer-area\/wp-content\/uploads\/2023\/07\/01-Direccion-Tecnica-22812.jpg\" target=\"_blank\" rel=\"noopener\"><br \/>\n<img fetchpriority=\"high\" decoding=\"async\" class=\"aligncenter wp-image-26682\" src=\"https:\/\/protesismg.com\/customer-area\/wp-content\/uploads\/2023\/07\/01-Direccion-Tecnica-22812-300x210.jpg\" alt=\"Direcci\u00f3n T\u00e9cnica de Pr\u00f3tesis MG\" width=\"1000\" height=\"701\" srcset=\"https:\/\/protesismg.com\/customer-area\/wp-content\/uploads\/2023\/07\/01-Direccion-Tecnica-22812-300x210.jpg 300w, https:\/\/protesismg.com\/customer-area\/wp-content\/uploads\/2023\/07\/01-Direccion-Tecnica-22812-768x539.jpg 768w, https:\/\/protesismg.com\/customer-area\/wp-content\/uploads\/2023\/07\/01-Direccion-Tecnica-22812-600x421.jpg 600w, https:\/\/protesismg.com\/customer-area\/wp-content\/uploads\/2023\/07\/01-Direccion-Tecnica-22812.jpg 1024w\" sizes=\"(max-width: 1000px) 100vw, 1000px\" \/><br \/>\n<\/a><\/p>\n<p style=\"text-align: justify; color: #444;\">Aunque la pr\u00f3tesis no sea totalmente personalizada, nuestro equipo har\u00e1 todo lo posible para que se adapte a ti de la mejor manera posible.<\/p>\n<p style=\"text-align: justify; color: #444;\">Tendr\u00e1s acompa\u00f1amiento antes, durante y despu\u00e9s de tu compra. Realizaremos un an\u00e1lisis individual de tu caso: evaluaremos tu lesi\u00f3n, anatom\u00eda y morfolog\u00eda para elegir los modelos est\u00e1ndar de cat\u00e1logo que mejor se asemejen a ti.<\/p>\n<p style=\"text-align: justify; color: #444;\">Consideramos m\u00faltiples factores: forma del dedo, tama\u00f1o y tipo de u\u00f1as, textura de la piel, arrugas, color y tono de piel, edad, sexo, y cualquier otro detalle que influya en lograr una apariencia natural y arm\u00f3nica.<\/p>\n<hr \/>\n<h2 style=\"text-align: center; color: #808080; font-size: 26px;\"><strong>Metodolog\u00eda 100% Virtual<\/strong><\/h2>\n<p style=\"text-align: justify; color: #444;\">Nuestro proceso es completamente remoto. Solo necesitas un PC o smartphone, c\u00e1mara e internet. Con nuestras indicaciones y plataforma digital, podr\u00e1s colaborar enviando la informaci\u00f3n necesaria sin salir de casa.<\/p>\n<p style=\"text-align: justify; color: #444;\">Gracias a nuestra plataforma online <strong>CMR<\/strong> y a las innovadoras t\u00e9cnicas desarrolladas por el equipo de <strong>Prothesis ART LAB<\/strong>, recibir\u00e1s tu pr\u00f3tesis de forma segura, c\u00f3moda y sin complicaciones.<\/p>\n","protected":false},"excerpt":{"rendered":"<p style=\"text-align: center; color: #5e5e5e; font-size: 24px;\"><strong>Pr\u00f3tesis Hiperrealistas para Dedos de la Mano<\/strong><\/p>\n<hr \/>\n<p style=\"text-align: center; color: #008080; font-size: 18px;\"><strong>Modelos para hombres o mujeres adultos<\/strong><\/p>\n<hr \/>\n<p style=\"text-align: center; color: #000080; font-size: 18px;\"><strong>\u00bfQu\u00e9 incluye tu pedido?<\/strong><\/p>\n<p style=\"text-align: center; color: #000080; font-size: 16px;\"><strong>De 1 hasta 3 pr\u00f3tesis est\u00e1ndar de cat\u00e1logo<\/strong><\/p>\n<p style=\"text-align: center; color: #5e5e5e; font-size: 16px;\"><strong>Tambi\u00e9n puedes solicitar pr\u00f3tesis para varios dedos (m\u00faltiple amputaci\u00f3n)<\/strong><\/p>\n","protected":false},"featured_media":27506,"template":"","meta":[],"product_cat":[486],"product_tag":[467],"class_list":{"0":"post-18156","1":"product","2":"type-product","3":"status-publish","4":"has-post-thumbnail","6":"product_cat-n3-linea-protesis-hiperrealistas-de-catalogo-estandar","7":"product_tag-protesis-publicas-con-ofertas-y-descuentos","8":"product_shipping_class-envio-protesis-dedos","9":"pa_componentes-lineas-protesis-protesis-con-encaje-ergonomico-semi-personalizado","10":"pa_componentes-lineas-protesis-1-protesis-cosmetica","11":"pa_componentes-lineas-protesis-9-protesis-de-alta-resistencia","12":"pa_componentes-lineas-protesis-5-protesis-hiperrealista","13":"pa_componentes-lineas-protesis-11-protesis-pasiva","14":"pa_componentes-lineas-protesis-protesis-semi-personalizada","15":"pa_descuento-segun-el-pago-0-off-x-1-protesis","16":"pa_descuento-segun-el-pago-15-off-x-1-protesis","17":"pa_descuento-segun-el-pago-25-off-x-2-unidades","18":"pa_descuento-segun-el-pago-40-off-x-3-unidades","19":"lineas_productos_protesis_mg-3-linea-protesis-hiperrealistas-de-catalogo-estandar","21":"first","22":"instock","23":"sale","24":"sold-individually","25":"shipping-taxable","26":"purchasable","27":"product-type-variable"},"acf":[],"yoast_head":"<!-- This site is optimized with the Yoast SEO Premium plugin v22.3 (Yoast SEO v22.2) - https:\/\/yoast.com\/wordpress\/plugins\/seo\/ -->\n<title>Pr\u00f3tesis del Dedo de la Mano, Hiperrealista (N3) 2026 | Pr\u00f3tesis ART LAB | \u00c1rea del Cliente<\/title>\n<meta name=\"description\" content=\"Pr\u00f3tesis del Dedo de la Mano, Hiperrealista (N3) 2026 \u00a9\ufe0f | Pr\u00f3tesis Hiperrealistas para Dedos de la Mano    Modelos para hombres o mujeres adultos    \u00bfQu\u00e9 incluye tu pedido? De 1 hasta 3 pr\u00f3tesis est\u00e1ndar de cat\u00e1logo Tambi\u00e9n puedes solicitar pr\u00f3tesis para varios dedos (m\u00faltiple amputaci\u00f3n) | Pr\u00f3tesis ART LAB | \u00c1rea del Cliente \u2122\ufe0f\" \/>\n<meta name=\"robots\" content=\"index, follow, max-snippet:-1, max-image-preview:large, max-video-preview:-1\" \/>\n<link rel=\"canonical\" href=\"https:\/\/protesismg.com\/customer-area\/tienda-mg\/protesis-para-dedo-de-la-mano-hiperrealista-de-nivel-3\/\" \/>\n<meta property=\"og:locale\" content=\"es_ES\" \/>\n<meta property=\"og:type\" content=\"article\" \/>\n<meta property=\"og:title\" content=\"Pr\u00f3tesis del Dedo de la Mano, Hiperrealista (N3) 2026 | Pr\u00f3tesis ART LAB | \u00c1rea del Cliente\" \/>\n<meta property=\"og:description\" content=\"Pr\u00f3tesis del Dedo de la Mano, Hiperrealista (N3) 2026 \u00a9\ufe0f | Pr\u00f3tesis Hiperrealistas para Dedos de la Mano    Modelos para hombres o mujeres adultos    \u00bfQu\u00e9 incluye tu pedido? De 1 hasta 3 pr\u00f3tesis est\u00e1ndar de cat\u00e1logo Tambi\u00e9n puedes solicitar pr\u00f3tesis para varios dedos (m\u00faltiple amputaci\u00f3n) | Pr\u00f3tesis ART LAB | \u00c1rea del Cliente \u2122\ufe0f\" \/>\n<meta property=\"og:url\" content=\"https:\/\/protesismg.com\/customer-area\/tienda-mg\/protesis-para-dedo-de-la-mano-hiperrealista-de-nivel-3\/\" \/>\n<meta property=\"og:site_name\" content=\"Pr\u00f3tesis ART LAB | \u00c1rea del Cliente\" \/>\n<meta property=\"article:publisher\" content=\"https:\/\/www.facebook.com\/protesis.artlab\/\" \/>\n<meta property=\"article:modified_time\" content=\"2025-05-29T23:32:23+00:00\" \/>\n<meta property=\"og:image\" content=\"https:\/\/protesismg.com\/customer-area\/wp-content\/uploads\/2023\/07\/Protesis-de-dedos-para-Mujer-y-Hombre-ART-LAB.jpg\" \/>\n\t<meta property=\"og:image:width\" content=\"2363\" \/>\n\t<meta property=\"og:image:height\" content=\"2127\" \/>\n\t<meta property=\"og:image:type\" content=\"image\/jpeg\" \/>\n<meta name=\"twitter:card\" content=\"summary_large_image\" \/>\n<meta name=\"twitter:label1\" content=\"Tiempo de lectura\" \/>\n\t<meta name=\"twitter:data1\" content=\"2 minutos\" \/>\n<script type=\"application\/ld+json\" class=\"yoast-schema-graph\">{\"@context\":\"https:\/\/schema.org\",\"@graph\":[{\"@type\":\"WebPage\",\"@id\":\"https:\/\/protesismg.com\/customer-area\/tienda-mg\/protesis-para-dedo-de-la-mano-hiperrealista-de-nivel-3\/\",\"url\":\"https:\/\/protesismg.com\/customer-area\/tienda-mg\/protesis-para-dedo-de-la-mano-hiperrealista-de-nivel-3\/\",\"name\":\"Pr\u00f3tesis del Dedo de la Mano, Hiperrealista (N3) 2026 | Pr\u00f3tesis ART LAB | \u00c1rea del Cliente\",\"isPartOf\":{\"@id\":\"https:\/\/protesismg.com\/customer-area\/#website\"},\"primaryImageOfPage\":{\"@id\":\"https:\/\/protesismg.com\/customer-area\/tienda-mg\/protesis-para-dedo-de-la-mano-hiperrealista-de-nivel-3\/#primaryimage\"},\"image\":{\"@id\":\"https:\/\/protesismg.com\/customer-area\/tienda-mg\/protesis-para-dedo-de-la-mano-hiperrealista-de-nivel-3\/#primaryimage\"},\"thumbnailUrl\":\"https:\/\/protesismg.com\/customer-area\/wp-content\/uploads\/2023\/07\/Protesis-de-dedos-para-Mujer-y-Hombre-ART-LAB.jpg\",\"datePublished\":\"2023-07-24T19:11:26+00:00\",\"dateModified\":\"2025-05-29T23:32:23+00:00\",\"description\":\"Pr\u00f3tesis del Dedo de la Mano, Hiperrealista (N3) 2026 \u00a9\ufe0f | Pr\u00f3tesis Hiperrealistas para Dedos de la Mano Modelos para hombres o mujeres adultos \u00bfQu\u00e9 incluye tu pedido? De 1 hasta 3 pr\u00f3tesis est\u00e1ndar de cat\u00e1logo Tambi\u00e9n puedes solicitar pr\u00f3tesis para varios dedos (m\u00faltiple amputaci\u00f3n) | Pr\u00f3tesis ART LAB | \u00c1rea del Cliente \u2122\ufe0f\",\"breadcrumb\":{\"@id\":\"https:\/\/protesismg.com\/customer-area\/tienda-mg\/protesis-para-dedo-de-la-mano-hiperrealista-de-nivel-3\/#breadcrumb\"},\"inLanguage\":\"es\",\"potentialAction\":[{\"@type\":\"ReadAction\",\"target\":[\"https:\/\/protesismg.com\/customer-area\/tienda-mg\/protesis-para-dedo-de-la-mano-hiperrealista-de-nivel-3\/\"]}]},{\"@type\":\"ImageObject\",\"inLanguage\":\"es\",\"@id\":\"https:\/\/protesismg.com\/customer-area\/tienda-mg\/protesis-para-dedo-de-la-mano-hiperrealista-de-nivel-3\/#primaryimage\",\"url\":\"https:\/\/protesismg.com\/customer-area\/wp-content\/uploads\/2023\/07\/Protesis-de-dedos-para-Mujer-y-Hombre-ART-LAB.jpg\",\"contentUrl\":\"https:\/\/protesismg.com\/customer-area\/wp-content\/uploads\/2023\/07\/Protesis-de-dedos-para-Mujer-y-Hombre-ART-LAB.jpg\",\"width\":2363,\"height\":2127},{\"@type\":\"BreadcrumbList\",\"@id\":\"https:\/\/protesismg.com\/customer-area\/tienda-mg\/protesis-para-dedo-de-la-mano-hiperrealista-de-nivel-3\/#breadcrumb\",\"itemListElement\":[{\"@type\":\"ListItem\",\"position\":1,\"name\":\"Pr\u00f3tesis &amp; Ortesis ART LAB\",\"item\":\"https:\/\/protesismg.com\/customer-area\/\"},{\"@type\":\"ListItem\",\"position\":2,\"name\":\"Mi Tienda ART LAB 01\",\"item\":\"https:\/\/protesismg.com\/customer-area\/tienda-mg\/\"},{\"@type\":\"ListItem\",\"position\":3,\"name\":\"Pr\u00f3tesis del Dedo de la Mano, Hiperrealista (N3)\"}]},{\"@type\":\"WebSite\",\"@id\":\"https:\/\/protesismg.com\/customer-area\/#website\",\"url\":\"https:\/\/protesismg.com\/customer-area\/\",\"name\":\"Pr\u00f3tesis ART LAB \u2122\ufe0f \u00c1rea del Cliente\",\"description\":\"Anaplastolog\u00eda ART LAB; Pr\u00f3tesis Hiperrealistas e Hiperpersonalizadas de alta calidad; Pr\u00f3tesis de dedo, Pr\u00f3tesis de mano, Pie, Pierna, Brazo, Oreja, Nariz, etc.\",\"publisher\":{\"@id\":\"https:\/\/protesismg.com\/customer-area\/#organization\"},\"alternateName\":\"Prosthesis ART LAB \u2122\ufe0f\",\"potentialAction\":[{\"@type\":\"SearchAction\",\"target\":{\"@type\":\"EntryPoint\",\"urlTemplate\":\"https:\/\/protesismg.com\/customer-area\/?s={search_term_string}\"},\"query-input\":\"required name=search_term_string\"}],\"inLanguage\":\"es\"},{\"@type\":\"Organization\",\"@id\":\"https:\/\/protesismg.com\/customer-area\/#organization\",\"name\":\"Pr\u00f3tesis ART LAB. CO\",\"alternateName\":\"Prosthetic ART LAB. CO\",\"url\":\"https:\/\/protesismg.com\/customer-area\/\",\"logo\":{\"@type\":\"ImageObject\",\"inLanguage\":\"es\",\"@id\":\"https:\/\/protesismg.com\/customer-area\/#\/schema\/logo\/image\/\",\"url\":\"https:\/\/protesismg.com\/customer-area\/wp-content\/uploads\/2023\/04\/04_ICONO_TIENDA-PROTESIS-ART-LAB.png\",\"contentUrl\":\"https:\/\/protesismg.com\/customer-area\/wp-content\/uploads\/2023\/04\/04_ICONO_TIENDA-PROTESIS-ART-LAB.png\",\"width\":1510,\"height\":1716,\"caption\":\"Pr\u00f3tesis ART LAB. CO\"},\"image\":{\"@id\":\"https:\/\/protesismg.com\/customer-area\/#\/schema\/logo\/image\/\"},\"sameAs\":[\"https:\/\/www.facebook.com\/protesis.artlab\/\",\"https:\/\/www.instagram.com\/protesis.artlab\/\"]}]}<\/script>\n<!-- \/ Yoast SEO Premium plugin. -->","yoast_head_json":{"title":"Pr\u00f3tesis del Dedo de la Mano, Hiperrealista (N3) 2026 | Pr\u00f3tesis ART LAB | \u00c1rea del Cliente","description":"Pr\u00f3tesis del Dedo de la Mano, Hiperrealista (N3) 2026 \u00a9\ufe0f | Pr\u00f3tesis Hiperrealistas para Dedos de la Mano    Modelos para hombres o mujeres adultos    \u00bfQu\u00e9 incluye tu pedido? De 1 hasta 3 pr\u00f3tesis est\u00e1ndar de cat\u00e1logo Tambi\u00e9n puedes solicitar pr\u00f3tesis para varios dedos (m\u00faltiple amputaci\u00f3n) | Pr\u00f3tesis ART LAB | \u00c1rea del Cliente \u2122\ufe0f","robots":{"index":"index","follow":"follow","max-snippet":"max-snippet:-1","max-image-preview":"max-image-preview:large","max-video-preview":"max-video-preview:-1"},"canonical":"https:\/\/protesismg.com\/customer-area\/tienda-mg\/protesis-para-dedo-de-la-mano-hiperrealista-de-nivel-3\/","og_locale":"es_ES","og_type":"article","og_title":"Pr\u00f3tesis del Dedo de la Mano, Hiperrealista (N3) 2026 | Pr\u00f3tesis ART LAB | \u00c1rea del Cliente","og_description":"Pr\u00f3tesis del Dedo de la Mano, Hiperrealista (N3) 2026 \u00a9\ufe0f | Pr\u00f3tesis Hiperrealistas para Dedos de la Mano    Modelos para hombres o mujeres adultos    \u00bfQu\u00e9 incluye tu pedido? De 1 hasta 3 pr\u00f3tesis est\u00e1ndar de cat\u00e1logo Tambi\u00e9n puedes solicitar pr\u00f3tesis para varios dedos (m\u00faltiple amputaci\u00f3n) | Pr\u00f3tesis ART LAB | \u00c1rea del Cliente \u2122\ufe0f","og_url":"https:\/\/protesismg.com\/customer-area\/tienda-mg\/protesis-para-dedo-de-la-mano-hiperrealista-de-nivel-3\/","og_site_name":"Pr\u00f3tesis ART LAB | \u00c1rea del Cliente","article_publisher":"https:\/\/www.facebook.com\/protesis.artlab\/","article_modified_time":"2025-05-29T23:32:23+00:00","og_image":[{"width":2363,"height":2127,"url":"https:\/\/protesismg.com\/customer-area\/wp-content\/uploads\/2023\/07\/Protesis-de-dedos-para-Mujer-y-Hombre-ART-LAB.jpg","type":"image\/jpeg"}],"twitter_card":"summary_large_image","twitter_misc":{"Tiempo de lectura":"2 minutos"},"schema":{"@context":"https:\/\/schema.org","@graph":[{"@type":"WebPage","@id":"https:\/\/protesismg.com\/customer-area\/tienda-mg\/protesis-para-dedo-de-la-mano-hiperrealista-de-nivel-3\/","url":"https:\/\/protesismg.com\/customer-area\/tienda-mg\/protesis-para-dedo-de-la-mano-hiperrealista-de-nivel-3\/","name":"Pr\u00f3tesis del Dedo de la Mano, Hiperrealista (N3) 2026 | Pr\u00f3tesis ART LAB | \u00c1rea del Cliente","isPartOf":{"@id":"https:\/\/protesismg.com\/customer-area\/#website"},"primaryImageOfPage":{"@id":"https:\/\/protesismg.com\/customer-area\/tienda-mg\/protesis-para-dedo-de-la-mano-hiperrealista-de-nivel-3\/#primaryimage"},"image":{"@id":"https:\/\/protesismg.com\/customer-area\/tienda-mg\/protesis-para-dedo-de-la-mano-hiperrealista-de-nivel-3\/#primaryimage"},"thumbnailUrl":"https:\/\/protesismg.com\/customer-area\/wp-content\/uploads\/2023\/07\/Protesis-de-dedos-para-Mujer-y-Hombre-ART-LAB.jpg","datePublished":"2023-07-24T19:11:26+00:00","dateModified":"2025-05-29T23:32:23+00:00","description":"Pr\u00f3tesis del Dedo de la Mano, Hiperrealista (N3) 2026 \u00a9\ufe0f | Pr\u00f3tesis Hiperrealistas para Dedos de la Mano Modelos para hombres o mujeres adultos \u00bfQu\u00e9 incluye tu pedido? De 1 hasta 3 pr\u00f3tesis est\u00e1ndar de cat\u00e1logo Tambi\u00e9n puedes solicitar pr\u00f3tesis para varios dedos (m\u00faltiple amputaci\u00f3n) | Pr\u00f3tesis ART LAB | \u00c1rea del Cliente \u2122\ufe0f","breadcrumb":{"@id":"https:\/\/protesismg.com\/customer-area\/tienda-mg\/protesis-para-dedo-de-la-mano-hiperrealista-de-nivel-3\/#breadcrumb"},"inLanguage":"es","potentialAction":[{"@type":"ReadAction","target":["https:\/\/protesismg.com\/customer-area\/tienda-mg\/protesis-para-dedo-de-la-mano-hiperrealista-de-nivel-3\/"]}]},{"@type":"ImageObject","inLanguage":"es","@id":"https:\/\/protesismg.com\/customer-area\/tienda-mg\/protesis-para-dedo-de-la-mano-hiperrealista-de-nivel-3\/#primaryimage","url":"https:\/\/protesismg.com\/customer-area\/wp-content\/uploads\/2023\/07\/Protesis-de-dedos-para-Mujer-y-Hombre-ART-LAB.jpg","contentUrl":"https:\/\/protesismg.com\/customer-area\/wp-content\/uploads\/2023\/07\/Protesis-de-dedos-para-Mujer-y-Hombre-ART-LAB.jpg","width":2363,"height":2127},{"@type":"BreadcrumbList","@id":"https:\/\/protesismg.com\/customer-area\/tienda-mg\/protesis-para-dedo-de-la-mano-hiperrealista-de-nivel-3\/#breadcrumb","itemListElement":[{"@type":"ListItem","position":1,"name":"Pr\u00f3tesis &amp; Ortesis ART LAB","item":"https:\/\/protesismg.com\/customer-area\/"},{"@type":"ListItem","position":2,"name":"Mi Tienda ART LAB 01","item":"https:\/\/protesismg.com\/customer-area\/tienda-mg\/"},{"@type":"ListItem","position":3,"name":"Pr\u00f3tesis del Dedo de la Mano, Hiperrealista (N3)"}]},{"@type":"WebSite","@id":"https:\/\/protesismg.com\/customer-area\/#website","url":"https:\/\/protesismg.com\/customer-area\/","name":"Pr\u00f3tesis ART LAB \u2122\ufe0f \u00c1rea del Cliente","description":"Anaplastolog\u00eda ART LAB; Pr\u00f3tesis Hiperrealistas e Hiperpersonalizadas de alta calidad; Pr\u00f3tesis de dedo, Pr\u00f3tesis de mano, Pie, Pierna, Brazo, Oreja, Nariz, etc.","publisher":{"@id":"https:\/\/protesismg.com\/customer-area\/#organization"},"alternateName":"Prosthesis ART LAB \u2122\ufe0f","potentialAction":[{"@type":"SearchAction","target":{"@type":"EntryPoint","urlTemplate":"https:\/\/protesismg.com\/customer-area\/?s={search_term_string}"},"query-input":"required name=search_term_string"}],"inLanguage":"es"},{"@type":"Organization","@id":"https:\/\/protesismg.com\/customer-area\/#organization","name":"Pr\u00f3tesis ART LAB. CO","alternateName":"Prosthetic ART LAB. CO","url":"https:\/\/protesismg.com\/customer-area\/","logo":{"@type":"ImageObject","inLanguage":"es","@id":"https:\/\/protesismg.com\/customer-area\/#\/schema\/logo\/image\/","url":"https:\/\/protesismg.com\/customer-area\/wp-content\/uploads\/2023\/04\/04_ICONO_TIENDA-PROTESIS-ART-LAB.png","contentUrl":"https:\/\/protesismg.com\/customer-area\/wp-content\/uploads\/2023\/04\/04_ICONO_TIENDA-PROTESIS-ART-LAB.png","width":1510,"height":1716,"caption":"Pr\u00f3tesis ART LAB. CO"},"image":{"@id":"https:\/\/protesismg.com\/customer-area\/#\/schema\/logo\/image\/"},"sameAs":["https:\/\/www.facebook.com\/protesis.artlab\/","https:\/\/www.instagram.com\/protesis.artlab\/"]}]}},"_links":{"self":[{"href":"https:\/\/protesismg.com\/customer-area\/wp-json\/wp\/v2\/product\/18156"}],"collection":[{"href":"https:\/\/protesismg.com\/customer-area\/wp-json\/wp\/v2\/product"}],"about":[{"href":"https:\/\/protesismg.com\/customer-area\/wp-json\/wp\/v2\/types\/product"}],"version-history":[{"count":0,"href":"https:\/\/protesismg.com\/customer-area\/wp-json\/wp\/v2\/product\/18156\/revisions"}],"wp:featuredmedia":[{"embeddable":true,"href":"https:\/\/protesismg.com\/customer-area\/wp-json\/wp\/v2\/media\/27506"}],"wp:attachment":[{"href":"https:\/\/protesismg.com\/customer-area\/wp-json\/wp\/v2\/media?parent=18156"}],"wp:term":[{"taxonomy":"product_cat","embeddable":true,"href":"https:\/\/protesismg.com\/customer-area\/wp-json\/wp\/v2\/product_cat?post=18156"},{"taxonomy":"product_tag","embeddable":true,"href":"https:\/\/protesismg.com\/customer-area\/wp-json\/wp\/v2\/product_tag?post=18156"}],"curies":[{"name":"wp","href":"https:\/\/api.w.org\/{rel}","templated":true}]}}