{"id":170,"date":"2020-09-25T00:42:46","date_gmt":"2020-09-25T04:42:46","guid":{"rendered":"https:\/\/protesismg.com\/customer-area\/login\/"},"modified":"2025-08-27T15:55:30","modified_gmt":"2025-08-27T20:55:30","slug":"login-mg","status":"publish","type":"page","link":"https:\/\/protesismg.com\/customer-area\/login-mg\/","title":{"rendered":"01 Iniciar Sesi\u00f3n * ART LAB"},"content":{"rendered":"\t\t<div data-elementor-type=\"wp-page\" data-elementor-id=\"170\" class=\"elementor elementor-170\" data-elementor-post-type=\"page\">\n\t\t\t\t\t\t<section class=\"elementor-section elementor-top-section elementor-element elementor-element-9061b18 elementor-section-full_width elementor-section-height-full elementor-section-stretched elementor-hidden-mobile elementor-section-height-default elementor-section-items-middle\" data-id=\"9061b18\" data-element_type=\"section\" data-settings=\"{&quot;background_background&quot;:&quot;slideshow&quot;,&quot;background_slideshow_gallery&quot;:[{&quot;id&quot;:8563,&quot;url&quot;:&quot;https:\\\/\\\/protesismg.com\\\/customer-area\\\/wp-content\\\/uploads\\\/2021\\\/08\\\/cropped-Protesis-y-Ortesis-MG-LATAM.jpg&quot;}],&quot;stretch_section&quot;:&quot;section-stretched&quot;,&quot;background_slideshow_loop&quot;:&quot;yes&quot;,&quot;background_slideshow_slide_duration&quot;:5000,&quot;background_slideshow_slide_transition&quot;:&quot;fade&quot;,&quot;background_slideshow_transition_duration&quot;:500}\">\n\t\t\t\t\t\t<div class=\"elementor-container elementor-column-gap-default\">\n\t\t\t\t\t<div class=\"elementor-column elementor-col-100 elementor-top-column elementor-element elementor-element-a1b792c\" data-id=\"a1b792c\" data-element_type=\"column\">\n\t\t\t<div class=\"elementor-widget-wrap elementor-element-populated\">\n\t\t\t\t\t\t<div class=\"dce-visibility-element-hidden dce-visibility-original-content elementor-element elementor-element-bb08c7f elementor-widget elementor-widget-heading\" data-id=\"bb08c7f\" data-element_type=\"widget\" data-settings=\"{&quot;enabled_visibility&quot;:&quot;yes&quot;,&quot;dce_visibility_event&quot;:&quot;click&quot;}\" data-widget_type=\"heading.default\">\n\t\t\t\t\t<span class=\"elementor-heading-title elementor-size-default\">Gif de precarga | CODE SNIPE = N20-Mostrar GIF de carga al hacer login de WordPress<\/span>\t\t\t\t<\/div>\n\t\t\t\t<div class=\"dce-visibility-element-hidden dce-visibility-original-content elementor-element elementor-element-ae37d8c elementor-widget elementor-widget-heading\" data-id=\"ae37d8c\" data-element_type=\"widget\" data-settings=\"{&quot;enabled_visibility&quot;:&quot;yes&quot;,&quot;dce_visibility_event&quot;:&quot;click&quot;}\" data-widget_type=\"heading.default\">\n\t\t\t\t\t<span class=\"elementor-heading-title elementor-size-default\">Versi\u00f3n escritorio PC<\/span>\t\t\t\t<\/div>\n\t\t\t\t<div class=\"elementor-element elementor-element-44ad7939 elementor-widget elementor-widget-theme-site-logo elementor-widget-image\" data-id=\"44ad7939\" data-element_type=\"widget\" data-widget_type=\"theme-site-logo.default\">\n\t\t\t\t\t\t\t\t\t\t\t<a href=\"https:\/\/protesismg.com\/customer-area\">\n\t\t\t<img decoding=\"async\" width=\"150\" height=\"150\" src=\"https:\/\/protesismg.com\/customer-area\/wp-content\/uploads\/2025\/08\/Icon-Prosthetic-ART-LAB-2025-150x150.png\" class=\"attachment-thumbnail size-thumbnail wp-image-31478\" alt=\"\" srcset=\"https:\/\/protesismg.com\/customer-area\/wp-content\/uploads\/2025\/08\/Icon-Prosthetic-ART-LAB-2025-150x150.png 150w, https:\/\/protesismg.com\/customer-area\/wp-content\/uploads\/2025\/08\/Icon-Prosthetic-ART-LAB-2025-300x300.png 300w, https:\/\/protesismg.com\/customer-area\/wp-content\/uploads\/2025\/08\/Icon-Prosthetic-ART-LAB-2025-400x400.png 400w, https:\/\/protesismg.com\/customer-area\/wp-content\/uploads\/2025\/08\/Icon-Prosthetic-ART-LAB-2025-100x100.png 100w\" sizes=\"(max-width: 150px) 100vw, 150px\" \/>\t\t\t\t<\/a>\n\t\t\t\t\t\t\t\t\t\t\t<\/div>\n\t\t\t\t<div data-dce-advanced-background-color=\"#02808C7A\" class=\"elementor-element elementor-element-b2c9535 elementor-button-align-center elementor-widget elementor-widget-login\" data-id=\"b2c9535\" data-element_type=\"widget\" data-widget_type=\"login.default\">\n\t\t\t\t\t\t\t<form class=\"elementor-login elementor-form\" method=\"post\" action=\"https:\/\/protesismg.com\/customer-area\/wp-login.php\">\n\t\t\t<input type=\"hidden\" name=\"redirect_to\" value=\"https:\/\/protesismg.com\/customer-area\/06-escritorio-usuario-privado-area-del-cliente\/\">\n\t\t\t<div class=\"elementor-form-fields-wrapper\">\n\t\t\t\t<div class=\"elementor-field-type-text elementor-field-group elementor-column elementor-col-100 elementor-field-required\">\n\t\t\t\t\t<label for=\"user-b2c9535\" class=\"elementor-field-label\">Usuario \/ Correo Electr\u00f3nico<\/label>\n\t\t\t\t\t<input size=\"1\" type=\"text\" name=\"log\" id=\"user-b2c9535\" placeholder=\"Username or Email Address\" class=\"elementor-field elementor-field-textual elementor-size-sm\">\n\t\t\t\t<\/div>\n\t\t\t\t<div class=\"elementor-field-type-text elementor-field-group elementor-column elementor-col-100 elementor-field-required\">\n\t\t\t\t\t<label for=\"password-b2c9535\" class=\"elementor-field-label\">Contrase\u00f1a<\/label>\n\t\t\t\t\t<input size=\"1\" type=\"password\" name=\"pwd\" id=\"password-b2c9535\" placeholder=\"Password\" class=\"elementor-field elementor-field-textual elementor-size-sm\">\n\t\t\t\t<\/div>\n\n\t\t\t\t\n\t\t\t\t<div class=\"elementor-field-group elementor-column elementor-field-type-submit elementor-col-100\">\n\t\t\t\t\t<button type=\"submit\" class=\"elementor-size-md elementor-button\" name=\"wp-submit\">\n\t\t\t\t\t\t\t\t\t\t\t\t\t\t\t<span class=\"elementor-button-text\">Login<\/span>\n\t\t\t\t\t\t\t\t\t\t\t\t<\/button>\n\t\t\t\t<\/div>\n\n\t\t\t\t\t\t\t\t\t<div class=\"elementor-field-group elementor-column elementor-col-100\">\n\t\t\t\t\t\t\t\t\t\t\t\t\t\t\t\t\t\t\t\t<a class=\"elementor-lost-password\" href=\"https:\/\/protesismg.com\/customer-area\/customer-area\/wp-login.php?action=lostpassword&redirect_to=https%3A%2F%2Fprotesismg.com%2Fcustomer-area%2F06-escritorio-usuario-privado-area-del-cliente%2F\">\n\t\t\t\t\t\t\t\tLost your password?\t\t\t\t\t\t\t<\/a>\n\t\t\t\t\t\t\n\t\t\t\t\t\t\t\t\t\t\t<\/div>\n\t\t\t\t\t\t\t<\/div>\n\t\t<\/form>\n\t\t\t\t\t\t<\/div>\n\t\t\t\t<div class=\"elementor-element elementor-element-63207d64 elementor-widget elementor-widget-heading\" data-id=\"63207d64\" data-element_type=\"widget\" data-widget_type=\"heading.default\">\n\t\t\t\t\t<div class=\"elementor-heading-title elementor-size-default\"><a href=\"\/\" target=\"_blank\">2012 \u00a9 2026 Customer Area * All rights reserved.<\/a><\/div>\t\t\t\t<\/div>\n\t\t\t\t\t<\/div>\n\t\t<\/div>\n\t\t\t\t\t<\/div>\n\t\t<\/section>\n\t\t\t\t<section class=\"dce-visibility-element-hidden dce-visibility-original-content elementor-section elementor-top-section elementor-element elementor-element-6025965 elementor-section-boxed elementor-section-height-default elementor-section-height-default\" data-id=\"6025965\" data-element_type=\"section\" data-settings=\"{&quot;enabled_visibility&quot;:&quot;yes&quot;,&quot;dce_visibility_event&quot;:&quot;click&quot;}\">\n\t\t\t\t\t\t<div class=\"elementor-container elementor-column-gap-default\">\n\t\t\t\t\t<div class=\"elementor-column elementor-col-100 elementor-top-column elementor-element elementor-element-9153a7a\" data-id=\"9153a7a\" data-element_type=\"column\">\n\t\t\t<div class=\"elementor-widget-wrap\">\n\t\t\t\t\t\t\t<\/div>\n\t\t<\/div>\n\t\t\t\t\t<\/div>\n\t\t<\/section>\n\t\t\t\t<section class=\"elementor-section elementor-top-section elementor-element elementor-element-d81a00a elementor-section-full_width elementor-section-height-full elementor-section-stretched elementor-hidden-desktop elementor-hidden-tablet elementor-section-height-default elementor-section-items-middle\" data-id=\"d81a00a\" data-element_type=\"section\" data-settings=\"{&quot;background_background&quot;:&quot;slideshow&quot;,&quot;background_slideshow_gallery&quot;:[{&quot;id&quot;:8563,&quot;url&quot;:&quot;https:\\\/\\\/protesismg.com\\\/customer-area\\\/wp-content\\\/uploads\\\/2021\\\/08\\\/cropped-Protesis-y-Ortesis-MG-LATAM.jpg&quot;}],&quot;stretch_section&quot;:&quot;section-stretched&quot;,&quot;background_slideshow_loop&quot;:&quot;yes&quot;,&quot;background_slideshow_slide_duration&quot;:5000,&quot;background_slideshow_slide_transition&quot;:&quot;fade&quot;,&quot;background_slideshow_transition_duration&quot;:500}\">\n\t\t\t\t\t\t<div class=\"elementor-container elementor-column-gap-default\">\n\t\t\t\t\t<div class=\"elementor-column elementor-col-100 elementor-top-column elementor-element elementor-element-b64d9b5\" data-id=\"b64d9b5\" data-element_type=\"column\">\n\t\t\t<div class=\"elementor-widget-wrap elementor-element-populated\">\n\t\t\t\t\t\t<div class=\"dce-visibility-element-hidden dce-visibility-original-content elementor-element elementor-element-ae40118 elementor-widget elementor-widget-heading\" data-id=\"ae40118\" data-element_type=\"widget\" data-settings=\"{&quot;enabled_visibility&quot;:&quot;yes&quot;,&quot;dce_visibility_event&quot;:&quot;click&quot;}\" data-widget_type=\"heading.default\">\n\t\t\t\t\t<span class=\"elementor-heading-title elementor-size-default\">Gif de precarga | CODE SNIPE = N20-Mostrar GIF de carga al hacer login de WordPress<\/span>\t\t\t\t<\/div>\n\t\t\t\t<div class=\"dce-visibility-element-hidden dce-visibility-original-content elementor-element elementor-element-8923902 elementor-widget elementor-widget-heading\" data-id=\"8923902\" data-element_type=\"widget\" data-settings=\"{&quot;enabled_visibility&quot;:&quot;yes&quot;,&quot;dce_visibility_event&quot;:&quot;click&quot;}\" data-widget_type=\"heading.default\">\n\t\t\t\t\t<span class=\"elementor-heading-title elementor-size-default\">Versi\u00f3n Movil<\/span>\t\t\t\t<\/div>\n\t\t\t\t<div class=\"elementor-element elementor-element-6ec4b0e elementor-widget elementor-widget-theme-site-logo elementor-widget-image\" data-id=\"6ec4b0e\" data-element_type=\"widget\" data-widget_type=\"theme-site-logo.default\">\n\t\t\t\t\t\t\t\t\t\t\t<a href=\"https:\/\/protesismg.com\/customer-area\">\n\t\t\t<img decoding=\"async\" width=\"150\" height=\"150\" src=\"https:\/\/protesismg.com\/customer-area\/wp-content\/uploads\/2025\/08\/Icon-Prosthetic-ART-LAB-2025-150x150.png\" class=\"attachment-thumbnail size-thumbnail wp-image-31478\" alt=\"\" srcset=\"https:\/\/protesismg.com\/customer-area\/wp-content\/uploads\/2025\/08\/Icon-Prosthetic-ART-LAB-2025-150x150.png 150w, https:\/\/protesismg.com\/customer-area\/wp-content\/uploads\/2025\/08\/Icon-Prosthetic-ART-LAB-2025-300x300.png 300w, https:\/\/protesismg.com\/customer-area\/wp-content\/uploads\/2025\/08\/Icon-Prosthetic-ART-LAB-2025-400x400.png 400w, https:\/\/protesismg.com\/customer-area\/wp-content\/uploads\/2025\/08\/Icon-Prosthetic-ART-LAB-2025-100x100.png 100w\" sizes=\"(max-width: 150px) 100vw, 150px\" \/>\t\t\t\t<\/a>\n\t\t\t\t\t\t\t\t\t\t\t<\/div>\n\t\t\t\t<div data-dce-advanced-background-color=\"#02808C7A\" class=\"elementor-element elementor-element-693f915 elementor-button-align-center elementor-widget elementor-widget-login\" data-id=\"693f915\" data-element_type=\"widget\" data-widget_type=\"login.default\">\n\t\t\t\t\t\t\t<form class=\"elementor-login elementor-form\" method=\"post\" action=\"https:\/\/protesismg.com\/customer-area\/wp-login.php\">\n\t\t\t<input type=\"hidden\" name=\"redirect_to\" value=\"https:\/\/protesismg.com\/customer-area\/06-escritorio-usuario-privado-area-del-cliente\/\">\n\t\t\t<div class=\"elementor-form-fields-wrapper\">\n\t\t\t\t<div class=\"elementor-field-type-text elementor-field-group elementor-column elementor-col-100 elementor-field-required\">\n\t\t\t\t\t<label for=\"user-693f915\" class=\"elementor-field-label\">Usuario | Correo Electr\u00f3nico<\/label>\n\t\t\t\t\t<input size=\"1\" type=\"text\" name=\"log\" id=\"user-693f915\" placeholder=\"Username or Email Address\" class=\"elementor-field elementor-field-textual elementor-size-xs\">\n\t\t\t\t<\/div>\n\t\t\t\t<div class=\"elementor-field-type-text elementor-field-group elementor-column elementor-col-100 elementor-field-required\">\n\t\t\t\t\t<label for=\"password-693f915\" class=\"elementor-field-label\">Contrase\u00f1a<\/label>\n\t\t\t\t\t<input size=\"1\" type=\"password\" name=\"pwd\" id=\"password-693f915\" placeholder=\"Password\" class=\"elementor-field elementor-field-textual elementor-size-xs\">\n\t\t\t\t<\/div>\n\n\t\t\t\t\n\t\t\t\t<div class=\"elementor-field-group elementor-column elementor-field-type-submit elementor-col-100\">\n\t\t\t\t\t<button type=\"submit\" class=\"elementor-size-xs elementor-button\" name=\"wp-submit\">\n\t\t\t\t\t\t\t\t\t\t\t\t\t\t\t<span class=\"elementor-button-text\">Login<\/span>\n\t\t\t\t\t\t\t\t\t\t\t\t<\/button>\n\t\t\t\t<\/div>\n\n\t\t\t\t\t\t\t\t\t<div class=\"elementor-field-group elementor-column elementor-col-100\">\n\t\t\t\t\t\t\t\t\t\t\t\t\t\t\t\t\t\t\t\t<a class=\"elementor-lost-password\" href=\"https:\/\/protesismg.com\/customer-area\/customer-area\/wp-login.php?action=lostpassword&redirect_to=https%3A%2F%2Fprotesismg.com%2Fcustomer-area%2F06-escritorio-usuario-privado-area-del-cliente%2F\">\n\t\t\t\t\t\t\t\tLost your password?\t\t\t\t\t\t\t<\/a>\n\t\t\t\t\t\t\n\t\t\t\t\t\t\t\t\t\t\t<\/div>\n\t\t\t\t\t\t\t<\/div>\n\t\t<\/form>\n\t\t\t\t\t\t<\/div>\n\t\t\t\t<div class=\"elementor-element elementor-element-6af0615 elementor-widget elementor-widget-heading\" data-id=\"6af0615\" data-element_type=\"widget\" data-widget_type=\"heading.default\">\n\t\t\t\t\t<div class=\"elementor-heading-title elementor-size-default\"><a href=\"\/\" target=\"_blank\">2012 \u00a9 2026 Customer Area * All rights reserved.<\/a><\/div>\t\t\t\t<\/div>\n\t\t\t\t\t<\/div>\n\t\t<\/div>\n\t\t\t\t\t<\/div>\n\t\t<\/section>\n\t\t\t\t<\/div>\n\t\t","protected":false},"excerpt":{"rendered":"<p>Gif de precarga | CODE SNIPE = N20-Mostrar GIF de carga al hacer login de WordPress Versi\u00f3n escritorio PC 2012 \u00a9 Customer Area * All rights reserved. Gif de precarga | CODE SNIPE = N20-Mostrar GIF de carga al hacer login de WordPress Versi\u00f3n Movil 2012 \u00a9 Customer Area * All rights reserved.<\/p>\n","protected":false},"author":1,"featured_media":0,"parent":0,"menu_order":0,"comment_status":"closed","ping_status":"closed","template":"elementor_canvas","meta":{"footnotes":""},"categoria_de_pagina":[284],"class_list":["post-170","page","type-page","status-publish"],"acf":[],"yoast_head":"<!-- This site is optimized with the Yoast SEO Premium plugin v22.3 (Yoast SEO v22.2) - https:\/\/yoast.com\/wordpress\/plugins\/seo\/ -->\n<title>01 Iniciar Sesi\u00f3n * ART LAB | Pr\u00f3tesis ART LAB | \u00c1rea del Cliente<\/title>\n<meta name=\"description\" content=\"01 Iniciar Sesi\u00f3n * ART LAB 2026 \u00a9\ufe0f | Gif de precarga | CODE SNIPE = N20-Mostrar GIF de carga al hacer login de WordPress Versi\u00f3n escritorio PC 2012 \u00a9 Customer Area * All rights reserved. Gif | Pr\u00f3tesis ART LAB | \u00c1rea del Cliente \u2122\ufe0f\" \/>\n<meta name=\"robots\" content=\"index, follow, max-snippet:-1, max-image-preview:large, max-video-preview:-1\" \/>\n<link rel=\"canonical\" href=\"https:\/\/protesismg.com\/customer-area\/login-mg\/\" \/>\n<meta property=\"og:locale\" content=\"es_ES\" \/>\n<meta property=\"og:type\" content=\"article\" \/>\n<meta property=\"og:title\" content=\"01 Iniciar Sesi\u00f3n * ART LAB | Pr\u00f3tesis ART LAB | \u00c1rea del Cliente\" \/>\n<meta property=\"og:description\" content=\"01 Iniciar Sesi\u00f3n * ART LAB 2026 \u00a9\ufe0f | Gif de precarga | CODE SNIPE = N20-Mostrar GIF de carga al hacer login de WordPress Versi\u00f3n escritorio PC 2012 \u00a9 Customer Area * All rights reserved. Gif | Pr\u00f3tesis ART LAB | \u00c1rea del Cliente \u2122\ufe0f\" \/>\n<meta property=\"og:url\" content=\"https:\/\/protesismg.com\/customer-area\/login-mg\/\" \/>\n<meta property=\"og:site_name\" content=\"Pr\u00f3tesis ART LAB | \u00c1rea del Cliente\" \/>\n<meta property=\"article:publisher\" content=\"https:\/\/www.facebook.com\/protesis.artlab\/\" \/>\n<meta property=\"article:modified_time\" content=\"2025-08-27T20:55:30+00:00\" \/>\n<meta property=\"og:image\" content=\"https:\/\/protesismg.com\/customer-area\/wp-content\/uploads\/2025\/02\/livingskin_full_gallery1.jpg\" \/>\n\t<meta property=\"og:image:width\" content=\"600\" \/>\n\t<meta property=\"og:image:height\" content=\"311\" \/>\n\t<meta property=\"og:image:type\" content=\"image\/jpeg\" \/>\n<meta name=\"twitter:card\" content=\"summary_large_image\" \/>\n<script type=\"application\/ld+json\" class=\"yoast-schema-graph\">{\"@context\":\"https:\/\/schema.org\",\"@graph\":[{\"@type\":\"WebPage\",\"@id\":\"https:\/\/protesismg.com\/customer-area\/login-mg\/\",\"url\":\"https:\/\/protesismg.com\/customer-area\/login-mg\/\",\"name\":\"01 Iniciar Sesi\u00f3n * ART LAB | Pr\u00f3tesis ART LAB | \u00c1rea del Cliente\",\"isPartOf\":{\"@id\":\"https:\/\/protesismg.com\/customer-area\/#website\"},\"datePublished\":\"2020-09-25T04:42:46+00:00\",\"dateModified\":\"2025-08-27T20:55:30+00:00\",\"description\":\"01 Iniciar Sesi\u00f3n * ART LAB 2026 \u00a9\ufe0f | Gif de precarga | CODE SNIPE = N20-Mostrar GIF de carga al hacer login de WordPress Versi\u00f3n escritorio PC 2012 \u00a9 Customer Area * All rights reserved. Gif | Pr\u00f3tesis ART LAB | \u00c1rea del Cliente \u2122\ufe0f\",\"breadcrumb\":{\"@id\":\"https:\/\/protesismg.com\/customer-area\/login-mg\/#breadcrumb\"},\"inLanguage\":\"es\",\"potentialAction\":[{\"@type\":\"ReadAction\",\"target\":[\"https:\/\/protesismg.com\/customer-area\/login-mg\/\"]}]},{\"@type\":\"BreadcrumbList\",\"@id\":\"https:\/\/protesismg.com\/customer-area\/login-mg\/#breadcrumb\",\"itemListElement\":[{\"@type\":\"ListItem\",\"position\":1,\"name\":\"Pr\u00f3tesis &amp; Ortesis ART LAB\",\"item\":\"https:\/\/protesismg.com\/customer-area\/\"},{\"@type\":\"ListItem\",\"position\":2,\"name\":\"01 Iniciar Sesi\u00f3n * ART LAB\"}]},{\"@type\":\"WebSite\",\"@id\":\"https:\/\/protesismg.com\/customer-area\/#website\",\"url\":\"https:\/\/protesismg.com\/customer-area\/\",\"name\":\"Pr\u00f3tesis ART LAB \u2122\ufe0f \u00c1rea del Cliente\",\"description\":\"Anaplastolog\u00eda ART LAB; Pr\u00f3tesis Hiperrealistas e Hiperpersonalizadas de alta calidad; Pr\u00f3tesis de dedo, Pr\u00f3tesis de mano, Pie, Pierna, Brazo, Oreja, Nariz, etc.\",\"publisher\":{\"@id\":\"https:\/\/protesismg.com\/customer-area\/#organization\"},\"alternateName\":\"Prosthesis ART LAB \u2122\ufe0f\",\"potentialAction\":[{\"@type\":\"SearchAction\",\"target\":{\"@type\":\"EntryPoint\",\"urlTemplate\":\"https:\/\/protesismg.com\/customer-area\/?s={search_term_string}\"},\"query-input\":\"required name=search_term_string\"}],\"inLanguage\":\"es\"},{\"@type\":\"Organization\",\"@id\":\"https:\/\/protesismg.com\/customer-area\/#organization\",\"name\":\"Pr\u00f3tesis ART LAB. CO\",\"alternateName\":\"Prosthetic ART LAB. CO\",\"url\":\"https:\/\/protesismg.com\/customer-area\/\",\"logo\":{\"@type\":\"ImageObject\",\"inLanguage\":\"es\",\"@id\":\"https:\/\/protesismg.com\/customer-area\/#\/schema\/logo\/image\/\",\"url\":\"https:\/\/protesismg.com\/customer-area\/wp-content\/uploads\/2023\/04\/04_ICONO_TIENDA-PROTESIS-ART-LAB.png\",\"contentUrl\":\"https:\/\/protesismg.com\/customer-area\/wp-content\/uploads\/2023\/04\/04_ICONO_TIENDA-PROTESIS-ART-LAB.png\",\"width\":1510,\"height\":1716,\"caption\":\"Pr\u00f3tesis ART LAB. CO\"},\"image\":{\"@id\":\"https:\/\/protesismg.com\/customer-area\/#\/schema\/logo\/image\/\"},\"sameAs\":[\"https:\/\/www.facebook.com\/protesis.artlab\/\",\"https:\/\/www.instagram.com\/protesis.artlab\/\"]}]}<\/script>\n<!-- \/ Yoast SEO Premium plugin. -->","yoast_head_json":{"title":"01 Iniciar Sesi\u00f3n * ART LAB | Pr\u00f3tesis ART LAB | \u00c1rea del Cliente","description":"01 Iniciar Sesi\u00f3n * ART LAB 2026 \u00a9\ufe0f | Gif de precarga | CODE SNIPE = N20-Mostrar GIF de carga al hacer login de WordPress Versi\u00f3n escritorio PC 2012 \u00a9 Customer Area * All rights reserved. Gif | Pr\u00f3tesis ART LAB | \u00c1rea del Cliente \u2122\ufe0f","robots":{"index":"index","follow":"follow","max-snippet":"max-snippet:-1","max-image-preview":"max-image-preview:large","max-video-preview":"max-video-preview:-1"},"canonical":"https:\/\/protesismg.com\/customer-area\/login-mg\/","og_locale":"es_ES","og_type":"article","og_title":"01 Iniciar Sesi\u00f3n * ART LAB | Pr\u00f3tesis ART LAB | \u00c1rea del Cliente","og_description":"01 Iniciar Sesi\u00f3n * ART LAB 2026 \u00a9\ufe0f | Gif de precarga | CODE SNIPE = N20-Mostrar GIF de carga al hacer login de WordPress Versi\u00f3n escritorio PC 2012 \u00a9 Customer Area * All rights reserved. Gif | Pr\u00f3tesis ART LAB | \u00c1rea del Cliente \u2122\ufe0f","og_url":"https:\/\/protesismg.com\/customer-area\/login-mg\/","og_site_name":"Pr\u00f3tesis ART LAB | \u00c1rea del Cliente","article_publisher":"https:\/\/www.facebook.com\/protesis.artlab\/","article_modified_time":"2025-08-27T20:55:30+00:00","og_image":[{"width":600,"height":311,"url":"https:\/\/protesismg.com\/customer-area\/wp-content\/uploads\/2025\/02\/livingskin_full_gallery1.jpg","type":"image\/jpeg"}],"twitter_card":"summary_large_image","schema":{"@context":"https:\/\/schema.org","@graph":[{"@type":"WebPage","@id":"https:\/\/protesismg.com\/customer-area\/login-mg\/","url":"https:\/\/protesismg.com\/customer-area\/login-mg\/","name":"01 Iniciar Sesi\u00f3n * ART LAB | Pr\u00f3tesis ART LAB | \u00c1rea del Cliente","isPartOf":{"@id":"https:\/\/protesismg.com\/customer-area\/#website"},"datePublished":"2020-09-25T04:42:46+00:00","dateModified":"2025-08-27T20:55:30+00:00","description":"01 Iniciar Sesi\u00f3n * ART LAB 2026 \u00a9\ufe0f | Gif de precarga | CODE SNIPE = N20-Mostrar GIF de carga al hacer login de WordPress Versi\u00f3n escritorio PC 2012 \u00a9 Customer Area * All rights reserved. Gif | Pr\u00f3tesis ART LAB | \u00c1rea del Cliente \u2122\ufe0f","breadcrumb":{"@id":"https:\/\/protesismg.com\/customer-area\/login-mg\/#breadcrumb"},"inLanguage":"es","potentialAction":[{"@type":"ReadAction","target":["https:\/\/protesismg.com\/customer-area\/login-mg\/"]}]},{"@type":"BreadcrumbList","@id":"https:\/\/protesismg.com\/customer-area\/login-mg\/#breadcrumb","itemListElement":[{"@type":"ListItem","position":1,"name":"Pr\u00f3tesis &amp; Ortesis ART LAB","item":"https:\/\/protesismg.com\/customer-area\/"},{"@type":"ListItem","position":2,"name":"01 Iniciar Sesi\u00f3n * ART LAB"}]},{"@type":"WebSite","@id":"https:\/\/protesismg.com\/customer-area\/#website","url":"https:\/\/protesismg.com\/customer-area\/","name":"Pr\u00f3tesis ART LAB \u2122\ufe0f \u00c1rea del Cliente","description":"Anaplastolog\u00eda ART LAB; Pr\u00f3tesis Hiperrealistas e Hiperpersonalizadas de alta calidad; Pr\u00f3tesis de dedo, Pr\u00f3tesis de mano, Pie, Pierna, Brazo, Oreja, Nariz, etc.","publisher":{"@id":"https:\/\/protesismg.com\/customer-area\/#organization"},"alternateName":"Prosthesis ART LAB \u2122\ufe0f","potentialAction":[{"@type":"SearchAction","target":{"@type":"EntryPoint","urlTemplate":"https:\/\/protesismg.com\/customer-area\/?s={search_term_string}"},"query-input":"required name=search_term_string"}],"inLanguage":"es"},{"@type":"Organization","@id":"https:\/\/protesismg.com\/customer-area\/#organization","name":"Pr\u00f3tesis ART LAB. CO","alternateName":"Prosthetic ART LAB. CO","url":"https:\/\/protesismg.com\/customer-area\/","logo":{"@type":"ImageObject","inLanguage":"es","@id":"https:\/\/protesismg.com\/customer-area\/#\/schema\/logo\/image\/","url":"https:\/\/protesismg.com\/customer-area\/wp-content\/uploads\/2023\/04\/04_ICONO_TIENDA-PROTESIS-ART-LAB.png","contentUrl":"https:\/\/protesismg.com\/customer-area\/wp-content\/uploads\/2023\/04\/04_ICONO_TIENDA-PROTESIS-ART-LAB.png","width":1510,"height":1716,"caption":"Pr\u00f3tesis ART LAB. CO"},"image":{"@id":"https:\/\/protesismg.com\/customer-area\/#\/schema\/logo\/image\/"},"sameAs":["https:\/\/www.facebook.com\/protesis.artlab\/","https:\/\/www.instagram.com\/protesis.artlab\/"]}]}},"_links":{"self":[{"href":"https:\/\/protesismg.com\/customer-area\/wp-json\/wp\/v2\/pages\/170"}],"collection":[{"href":"https:\/\/protesismg.com\/customer-area\/wp-json\/wp\/v2\/pages"}],"about":[{"href":"https:\/\/protesismg.com\/customer-area\/wp-json\/wp\/v2\/types\/page"}],"author":[{"embeddable":true,"href":"https:\/\/protesismg.com\/customer-area\/wp-json\/wp\/v2\/users\/1"}],"replies":[{"embeddable":true,"href":"https:\/\/protesismg.com\/customer-area\/wp-json\/wp\/v2\/comments?post=170"}],"version-history":[{"count":0,"href":"https:\/\/protesismg.com\/customer-area\/wp-json\/wp\/v2\/pages\/170\/revisions"}],"wp:attachment":[{"href":"https:\/\/protesismg.com\/customer-area\/wp-json\/wp\/v2\/media?parent=170"}],"wp:term":[{"taxonomy":"categoria_de_pagina","embeddable":true,"href":"https:\/\/protesismg.com\/customer-area\/wp-json\/wp\/v2\/categoria_de_pagina?post=170"}],"curies":[{"name":"wp","href":"https:\/\/api.w.org\/{rel}","templated":true}]}}