{"id":1053,"date":"2020-09-30T18:27:50","date_gmt":"2020-09-30T22:27:50","guid":{"rendered":"https:\/\/protesismg.com\/customer-area\/?page_id=1053"},"modified":"2025-08-23T23:37:00","modified_gmt":"2025-08-24T04:37:00","slug":"06-escritorio-usuario-privado-area-del-cliente","status":"publish","type":"page","link":"https:\/\/protesismg.com\/customer-area\/06-escritorio-usuario-privado-area-del-cliente\/","title":{"rendered":"Escritorio Cliente Privado"},"content":{"rendered":"","protected":false},"excerpt":{"rendered":"","protected":false},"author":1,"featured_media":0,"parent":0,"menu_order":5,"comment_status":"closed","ping_status":"closed","template":"","meta":{"footnotes":""},"categoria_de_pagina":[284],"class_list":["post-1053","page","type-page","status-publish"],"acf":[],"yoast_head":"<!-- This site is optimized with the Yoast SEO Premium plugin v22.3 (Yoast SEO v22.2) - https:\/\/yoast.com\/wordpress\/plugins\/seo\/ -->\n<title>Escritorio Cliente Privado | Pr\u00f3tesis ART LAB | \u00c1rea del Cliente<\/title>\n<meta name=\"description\" content=\"Escritorio Cliente Privado 2026 \u00a9\ufe0f | Pr\u00f3tesis ART LAB | \u00c1rea del Cliente \u2122\ufe0f\" \/>\n<meta name=\"robots\" content=\"index, follow, max-snippet:-1, max-image-preview:large, max-video-preview:-1\" \/>\n<link rel=\"canonical\" href=\"https:\/\/protesismg.com\/customer-area\/06-escritorio-usuario-privado-area-del-cliente\/\" \/>\n<meta property=\"og:locale\" content=\"es_ES\" \/>\n<meta property=\"og:type\" content=\"article\" \/>\n<meta property=\"og:title\" content=\"Escritorio Cliente Privado | Pr\u00f3tesis ART LAB | \u00c1rea del Cliente\" \/>\n<meta property=\"og:description\" content=\"Escritorio Cliente Privado 2026 \u00a9\ufe0f | Pr\u00f3tesis ART LAB | \u00c1rea del Cliente \u2122\ufe0f\" \/>\n<meta property=\"og:url\" content=\"https:\/\/protesismg.com\/customer-area\/06-escritorio-usuario-privado-area-del-cliente\/\" \/>\n<meta property=\"og:site_name\" content=\"Pr\u00f3tesis ART LAB | \u00c1rea del Cliente\" \/>\n<meta property=\"article:publisher\" content=\"https:\/\/www.facebook.com\/protesis.artlab\/\" \/>\n<meta property=\"article:modified_time\" content=\"2025-08-24T04:37:00+00:00\" \/>\n<meta property=\"og:image\" content=\"https:\/\/protesismg.com\/customer-area\/wp-content\/uploads\/2025\/02\/livingskin_full_gallery1.jpg\" \/>\n\t<meta property=\"og:image:width\" content=\"600\" \/>\n\t<meta property=\"og:image:height\" content=\"311\" \/>\n\t<meta property=\"og:image:type\" content=\"image\/jpeg\" \/>\n<meta name=\"twitter:card\" content=\"summary_large_image\" \/>\n<script type=\"application\/ld+json\" class=\"yoast-schema-graph\">{\"@context\":\"https:\/\/schema.org\",\"@graph\":[{\"@type\":\"WebPage\",\"@id\":\"https:\/\/protesismg.com\/customer-area\/06-escritorio-usuario-privado-area-del-cliente\/\",\"url\":\"https:\/\/protesismg.com\/customer-area\/06-escritorio-usuario-privado-area-del-cliente\/\",\"name\":\"Escritorio Cliente Privado | Pr\u00f3tesis ART LAB | \u00c1rea del Cliente\",\"isPartOf\":{\"@id\":\"https:\/\/protesismg.com\/customer-area\/#website\"},\"datePublished\":\"2020-09-30T22:27:50+00:00\",\"dateModified\":\"2025-08-24T04:37:00+00:00\",\"description\":\"Escritorio Cliente Privado 2026 \u00a9\ufe0f | Pr\u00f3tesis ART LAB | \u00c1rea del Cliente \u2122\ufe0f\",\"breadcrumb\":{\"@id\":\"https:\/\/protesismg.com\/customer-area\/06-escritorio-usuario-privado-area-del-cliente\/#breadcrumb\"},\"inLanguage\":\"es\",\"potentialAction\":[{\"@type\":\"ReadAction\",\"target\":[\"https:\/\/protesismg.com\/customer-area\/06-escritorio-usuario-privado-area-del-cliente\/\"]}]},{\"@type\":\"BreadcrumbList\",\"@id\":\"https:\/\/protesismg.com\/customer-area\/06-escritorio-usuario-privado-area-del-cliente\/#breadcrumb\",\"itemListElement\":[{\"@type\":\"ListItem\",\"position\":1,\"name\":\"Pr\u00f3tesis &amp; Ortesis ART LAB\",\"item\":\"https:\/\/protesismg.com\/customer-area\/\"},{\"@type\":\"ListItem\",\"position\":2,\"name\":\"Escritorio Cliente Privado\"}]},{\"@type\":\"WebSite\",\"@id\":\"https:\/\/protesismg.com\/customer-area\/#website\",\"url\":\"https:\/\/protesismg.com\/customer-area\/\",\"name\":\"Pr\u00f3tesis ART LAB \u2122\ufe0f \u00c1rea del Cliente\",\"description\":\"Anaplastolog\u00eda ART LAB; Pr\u00f3tesis Hiperrealistas e Hiperpersonalizadas de alta calidad; Pr\u00f3tesis de dedo, Pr\u00f3tesis de mano, Pie, Pierna, Brazo, Oreja, Nariz, etc.\",\"publisher\":{\"@id\":\"https:\/\/protesismg.com\/customer-area\/#organization\"},\"alternateName\":\"Prosthesis ART LAB \u2122\ufe0f\",\"potentialAction\":[{\"@type\":\"SearchAction\",\"target\":{\"@type\":\"EntryPoint\",\"urlTemplate\":\"https:\/\/protesismg.com\/customer-area\/?s={search_term_string}\"},\"query-input\":\"required name=search_term_string\"}],\"inLanguage\":\"es\"},{\"@type\":\"Organization\",\"@id\":\"https:\/\/protesismg.com\/customer-area\/#organization\",\"name\":\"Pr\u00f3tesis ART LAB. CO\",\"alternateName\":\"Prosthetic ART LAB. CO\",\"url\":\"https:\/\/protesismg.com\/customer-area\/\",\"logo\":{\"@type\":\"ImageObject\",\"inLanguage\":\"es\",\"@id\":\"https:\/\/protesismg.com\/customer-area\/#\/schema\/logo\/image\/\",\"url\":\"https:\/\/protesismg.com\/customer-area\/wp-content\/uploads\/2023\/04\/04_ICONO_TIENDA-PROTESIS-ART-LAB.png\",\"contentUrl\":\"https:\/\/protesismg.com\/customer-area\/wp-content\/uploads\/2023\/04\/04_ICONO_TIENDA-PROTESIS-ART-LAB.png\",\"width\":1510,\"height\":1716,\"caption\":\"Pr\u00f3tesis ART LAB. CO\"},\"image\":{\"@id\":\"https:\/\/protesismg.com\/customer-area\/#\/schema\/logo\/image\/\"},\"sameAs\":[\"https:\/\/www.facebook.com\/protesis.artlab\/\",\"https:\/\/www.instagram.com\/protesis.artlab\/\"]}]}<\/script>\n<!-- \/ Yoast SEO Premium plugin. -->","yoast_head_json":{"title":"Escritorio Cliente Privado | Pr\u00f3tesis ART LAB | \u00c1rea del Cliente","description":"Escritorio Cliente Privado 2026 \u00a9\ufe0f | Pr\u00f3tesis ART LAB | \u00c1rea del Cliente \u2122\ufe0f","robots":{"index":"index","follow":"follow","max-snippet":"max-snippet:-1","max-image-preview":"max-image-preview:large","max-video-preview":"max-video-preview:-1"},"canonical":"https:\/\/protesismg.com\/customer-area\/06-escritorio-usuario-privado-area-del-cliente\/","og_locale":"es_ES","og_type":"article","og_title":"Escritorio Cliente Privado | Pr\u00f3tesis ART LAB | \u00c1rea del Cliente","og_description":"Escritorio Cliente Privado 2026 \u00a9\ufe0f | Pr\u00f3tesis ART LAB | \u00c1rea del Cliente \u2122\ufe0f","og_url":"https:\/\/protesismg.com\/customer-area\/06-escritorio-usuario-privado-area-del-cliente\/","og_site_name":"Pr\u00f3tesis ART LAB | \u00c1rea del Cliente","article_publisher":"https:\/\/www.facebook.com\/protesis.artlab\/","article_modified_time":"2025-08-24T04:37:00+00:00","og_image":[{"width":600,"height":311,"url":"https:\/\/protesismg.com\/customer-area\/wp-content\/uploads\/2025\/02\/livingskin_full_gallery1.jpg","type":"image\/jpeg"}],"twitter_card":"summary_large_image","schema":{"@context":"https:\/\/schema.org","@graph":[{"@type":"WebPage","@id":"https:\/\/protesismg.com\/customer-area\/06-escritorio-usuario-privado-area-del-cliente\/","url":"https:\/\/protesismg.com\/customer-area\/06-escritorio-usuario-privado-area-del-cliente\/","name":"Escritorio Cliente Privado | Pr\u00f3tesis ART LAB | \u00c1rea del Cliente","isPartOf":{"@id":"https:\/\/protesismg.com\/customer-area\/#website"},"datePublished":"2020-09-30T22:27:50+00:00","dateModified":"2025-08-24T04:37:00+00:00","description":"Escritorio Cliente Privado 2026 \u00a9\ufe0f | Pr\u00f3tesis ART LAB | \u00c1rea del Cliente \u2122\ufe0f","breadcrumb":{"@id":"https:\/\/protesismg.com\/customer-area\/06-escritorio-usuario-privado-area-del-cliente\/#breadcrumb"},"inLanguage":"es","potentialAction":[{"@type":"ReadAction","target":["https:\/\/protesismg.com\/customer-area\/06-escritorio-usuario-privado-area-del-cliente\/"]}]},{"@type":"BreadcrumbList","@id":"https:\/\/protesismg.com\/customer-area\/06-escritorio-usuario-privado-area-del-cliente\/#breadcrumb","itemListElement":[{"@type":"ListItem","position":1,"name":"Pr\u00f3tesis &amp; Ortesis ART LAB","item":"https:\/\/protesismg.com\/customer-area\/"},{"@type":"ListItem","position":2,"name":"Escritorio Cliente Privado"}]},{"@type":"WebSite","@id":"https:\/\/protesismg.com\/customer-area\/#website","url":"https:\/\/protesismg.com\/customer-area\/","name":"Pr\u00f3tesis ART LAB \u2122\ufe0f \u00c1rea del Cliente","description":"Anaplastolog\u00eda ART LAB; Pr\u00f3tesis Hiperrealistas e Hiperpersonalizadas de alta calidad; Pr\u00f3tesis de dedo, Pr\u00f3tesis de mano, Pie, Pierna, Brazo, Oreja, Nariz, etc.","publisher":{"@id":"https:\/\/protesismg.com\/customer-area\/#organization"},"alternateName":"Prosthesis ART LAB \u2122\ufe0f","potentialAction":[{"@type":"SearchAction","target":{"@type":"EntryPoint","urlTemplate":"https:\/\/protesismg.com\/customer-area\/?s={search_term_string}"},"query-input":"required name=search_term_string"}],"inLanguage":"es"},{"@type":"Organization","@id":"https:\/\/protesismg.com\/customer-area\/#organization","name":"Pr\u00f3tesis ART LAB. CO","alternateName":"Prosthetic ART LAB. CO","url":"https:\/\/protesismg.com\/customer-area\/","logo":{"@type":"ImageObject","inLanguage":"es","@id":"https:\/\/protesismg.com\/customer-area\/#\/schema\/logo\/image\/","url":"https:\/\/protesismg.com\/customer-area\/wp-content\/uploads\/2023\/04\/04_ICONO_TIENDA-PROTESIS-ART-LAB.png","contentUrl":"https:\/\/protesismg.com\/customer-area\/wp-content\/uploads\/2023\/04\/04_ICONO_TIENDA-PROTESIS-ART-LAB.png","width":1510,"height":1716,"caption":"Pr\u00f3tesis ART LAB. CO"},"image":{"@id":"https:\/\/protesismg.com\/customer-area\/#\/schema\/logo\/image\/"},"sameAs":["https:\/\/www.facebook.com\/protesis.artlab\/","https:\/\/www.instagram.com\/protesis.artlab\/"]}]}},"_links":{"self":[{"href":"https:\/\/protesismg.com\/customer-area\/wp-json\/wp\/v2\/pages\/1053"}],"collection":[{"href":"https:\/\/protesismg.com\/customer-area\/wp-json\/wp\/v2\/pages"}],"about":[{"href":"https:\/\/protesismg.com\/customer-area\/wp-json\/wp\/v2\/types\/page"}],"author":[{"embeddable":true,"href":"https:\/\/protesismg.com\/customer-area\/wp-json\/wp\/v2\/users\/1"}],"replies":[{"embeddable":true,"href":"https:\/\/protesismg.com\/customer-area\/wp-json\/wp\/v2\/comments?post=1053"}],"version-history":[{"count":0,"href":"https:\/\/protesismg.com\/customer-area\/wp-json\/wp\/v2\/pages\/1053\/revisions"}],"wp:attachment":[{"href":"https:\/\/protesismg.com\/customer-area\/wp-json\/wp\/v2\/media?parent=1053"}],"wp:term":[{"taxonomy":"categoria_de_pagina","embeddable":true,"href":"https:\/\/protesismg.com\/customer-area\/wp-json\/wp\/v2\/categoria_de_pagina?post=1053"}],"curies":[{"name":"wp","href":"https:\/\/api.w.org\/{rel}","templated":true}]}}